{"id":1175,"date":"2023-03-30T13:42:17","date_gmt":"2023-03-30T13:42:17","guid":{"rendered":"https:\/\/hundredhives.lt\/sample-page\/"},"modified":"2023-03-30T13:42:17","modified_gmt":"2023-03-30T13:42:17","slug":"sample-page","status":"publish","type":"page","link":"https:\/\/hundredhives.lt\/en\/","title":{"rendered":"Home"},"content":{"rendered":"<section class=\"l-section wpb_row height_huge full_height valign_center with_video\"><div id=\"us_bg_video_g103\" class=\"l-section-video\"><script id=\"us_bg_video_g103-script\">!function(w){var node = document.getElementById( 'us_bg_video_g103' );if ( w.innerWidth <= 300 ) { node.remove() }}(window);<\/script><style>@media(max-width:300px){#us_bg_video_g103{display:none!important}}<\/style><video  autoplay loop muted playsinline preload=\"auto\" tabindex=\"-1\"><source type=\"video\/mp4\" src=\"https:\/\/hundredhives.lt\/wp-content\/uploads\/2023\/09\/hundredhives_website_linija-2.mp4\" \/><\/video><\/div><div class=\"l-section-h i-cf\"><div class=\"g-cols vc_row via_grid cols_1 laptops-cols_inherit tablets-cols_inherit mobiles-cols_1 valign_top type_default stacking_default\"><div class=\"wpb_column vc_column_container\"><div class=\"vc_column-inner\"><div class=\"w-separator size_medium\"><\/div><div class=\"wpb_text_column us_custom_6745946f has_text_color\"><div class=\"wpb_wrapper\"><h1 style=\"text-align: center;\">HUNDRED HIVES<\/h1>\n<\/div><\/div><div class=\"wpb_text_column us_custom_6745946f has_text_color\"><div class=\"wpb_wrapper\"><h5 style=\"text-align: center;\">\u0160imtai avili\u0173 &#8211; \u0161imtams \u0161ird\u017ei\u0173<\/h5>\n<\/div><\/div><div class=\"w-separator size_large\"><\/div><div class=\"w-btn-wrapper align_center\"><a class=\"w-btn us-btn-style_5\" href=\"\/parduotuve\/\"><span class=\"w-btn-label\">parduotuv\u0117<\/span><\/a><\/div><\/div><\/div><\/div><\/div><\/section><section class=\"l-section wpb_row us_custom_3384eb67 height_huge color_primary with_img with_video\"><div class=\"l-section-img\" role=\"img\" aria-label=\"Image\" data-img-width=\"1500\" data-img-height=\"1000\" style=\"background-image: url(https:\/\/hundredhives.lt\/wp-content\/uploads\/2025\/09\/10-BICIU-FOTO-3.jpg);background-size: contain;\"><\/div><div id=\"us_bg_video_ua1b\" class=\"l-section-video\"><script id=\"us_bg_video_ua1b-script\">!function(w){var node = document.getElementById( 'us_bg_video_ua1b' );if ( w.innerWidth <= 600 ) { node.remove() }}(window);<\/script><style>@media(max-width:600px){#us_bg_video_ua1b{display:none!important}}<\/style><video  autoplay loop muted playsinline preload=\"auto\" tabindex=\"-1\"><source type=\"video\/mp4\" src=\"https:\/\/hundredhives.lt\/wp-content\/uploads\/2023\/09\/bites.mp4\" \/><\/video><\/div><div class=\"l-section-h i-cf\"><div class=\"g-cols vc_row via_grid cols_6 laptops-cols_inherit tablets-cols_inherit mobiles-cols_1 valign_middle type_default stacking_default\"><div class=\"wpb_column vc_column_container\"><div class=\"vc_column-inner\"><div class=\"w-separator size_medium\"><\/div><\/div><\/div><\/div><\/div><\/section><section class=\"l-section wpb_row us_custom_6745946f has_text_color height_huge with_img\"><div class=\"l-section-img\" role=\"img\" aria-label=\"Image\" data-img-width=\"1920\" data-img-height=\"1080\" style=\"background-image: url(https:\/\/hundredhives.lt\/wp-content\/uploads\/2023\/03\/hundredhives_website_background_particles.jpg);\"><\/div><div class=\"l-section-h i-cf\"><div class=\"g-cols vc_row via_grid cols_5 laptops-cols_2 tablets-cols_inherit mobiles-cols_1 valign_middle type_default stacking_default\" style=\"--columns-gap:10%;\"><div class=\"wpb_column vc_column_container\"><div class=\"vc_column-inner\"><div class=\"w-separator size_small\"><\/div><div class=\"w-separator size_small\"><\/div><\/div><\/div><\/div><\/div><\/section><section class=\"l-section wpb_row height_medium\"><div class=\"l-section-h i-cf\"><div class=\"g-cols vc_row via_grid cols_1 laptops-cols_inherit tablets-cols_inherit mobiles-cols_1 valign_top type_default stacking_default\"><div class=\"wpb_column vc_column_container\"><div class=\"vc_column-inner\"><div class=\"wpb_text_column\"><div class=\"wpb_wrapper\"><p><a href=\"https:\/\/hundredhives.lt\/en\/london-international-honey-awards-winners-2024\/\"><img loading=\"lazy\" decoding=\"async\" class=\"alignnone wp-image-388\" src=\"https:\/\/hundredhives.lt\/wp-content\/uploads\/2025\/07\/02-London-Honey-QUALITY-GOLD-2024-e1759589057130-297x300.png\" alt=\"\" width=\"64\" height=\"65\" srcset=\"https:\/\/hundredhives.lt\/wp-content\/uploads\/2025\/07\/02-London-Honey-QUALITY-GOLD-2024-e1759589057130-297x300.png 297w, https:\/\/hundredhives.lt\/wp-content\/uploads\/2025\/07\/02-London-Honey-QUALITY-GOLD-2024-e1759589057130-1013x1024.png 1013w, https:\/\/hundredhives.lt\/wp-content\/uploads\/2025\/07\/02-London-Honey-QUALITY-GOLD-2024-e1759589057130-150x150.png 150w, https:\/\/hundredhives.lt\/wp-content\/uploads\/2025\/07\/02-London-Honey-QUALITY-GOLD-2024-e1759589057130-300x300.png 300w, https:\/\/hundredhives.lt\/wp-content\/uploads\/2025\/07\/02-London-Honey-QUALITY-GOLD-2024-e1759589057130-600x607.png 600w, https:\/\/hundredhives.lt\/wp-content\/uploads\/2025\/07\/02-London-Honey-QUALITY-GOLD-2024-e1759589057130.png 1353w\" sizes=\"auto, (max-width: 64px) 100vw, 64px\" \/><\/a><a href=\"https:\/\/hundredhives.lt\/en\/international-taste-institute-awords\/\"> \u00a0<\/a><a href=\"https:\/\/hundredhives.lt\/en\/london-international-honey-awards-winners-2024\/\"><img loading=\"lazy\" decoding=\"async\" class=\"alignnone wp-image-387\" src=\"https:\/\/hundredhives.lt\/wp-content\/uploads\/2025\/07\/02-London-Honey-PACKAGING-GOLD-2024-1-e1759589461205-300x300.png\" alt=\"\" width=\"65\" height=\"65\" srcset=\"https:\/\/hundredhives.lt\/wp-content\/uploads\/2025\/07\/02-London-Honey-PACKAGING-GOLD-2024-1-e1759589461205-300x300.png 300w, https:\/\/hundredhives.lt\/wp-content\/uploads\/2025\/07\/02-London-Honey-PACKAGING-GOLD-2024-1-e1759589461205-1024x1024.png 1024w, https:\/\/hundredhives.lt\/wp-content\/uploads\/2025\/07\/02-London-Honey-PACKAGING-GOLD-2024-1-e1759589461205-150x150.png 150w, https:\/\/hundredhives.lt\/wp-content\/uploads\/2025\/07\/02-London-Honey-PACKAGING-GOLD-2024-1-e1759589461205-600x600.png 600w, https:\/\/hundredhives.lt\/wp-content\/uploads\/2025\/07\/02-London-Honey-PACKAGING-GOLD-2024-1-e1759589461205.png 1353w\" sizes=\"auto, (max-width: 65px) 100vw, 65px\" \/><\/a><a href=\"https:\/\/hundredhives.lt\/en\/london-international-honey-awards-winners-2025\/\">\u00a0\u00a0<\/a><a href=\"https:\/\/hundredhives.lt\/en\/london-international-honey-awards-winners-2025\/\"><img loading=\"lazy\" decoding=\"async\" class=\"alignnone wp-image-405\" src=\"https:\/\/hundredhives.lt\/wp-content\/uploads\/2025\/07\/LIHA-2025-quality-gold-300x300.png\" alt=\"\" width=\"65\" height=\"65\" srcset=\"https:\/\/hundredhives.lt\/wp-content\/uploads\/2025\/07\/LIHA-2025-quality-gold-300x300.png 300w, https:\/\/hundredhives.lt\/wp-content\/uploads\/2025\/07\/LIHA-2025-quality-gold-150x150.png 150w, https:\/\/hundredhives.lt\/wp-content\/uploads\/2025\/07\/LIHA-2025-quality-gold-600x600.png 600w, https:\/\/hundredhives.lt\/wp-content\/uploads\/2025\/07\/LIHA-2025-quality-gold.png 711w\" sizes=\"auto, (max-width: 65px) 100vw, 65px\" \/><\/a><a href=\"https:\/\/hundredhives.lt\/en\/international-taste-institute-awords\/\">\u00a0\u00a0<\/a><a href=\"https:\/\/hundredhives.lt\/en\/london-international-honey-awards-winners-2025\/\"><img loading=\"lazy\" decoding=\"async\" class=\"alignnone wp-image-406\" src=\"https:\/\/hundredhives.lt\/wp-content\/uploads\/2025\/07\/LIHA-2025-quality-platinum-300x300.png\" alt=\"\" width=\"65\" height=\"65\" srcset=\"https:\/\/hundredhives.lt\/wp-content\/uploads\/2025\/07\/LIHA-2025-quality-platinum-300x300.png 300w, https:\/\/hundredhives.lt\/wp-content\/uploads\/2025\/07\/LIHA-2025-quality-platinum-150x150.png 150w, https:\/\/hundredhives.lt\/wp-content\/uploads\/2025\/07\/LIHA-2025-quality-platinum-600x600.png 600w, https:\/\/hundredhives.lt\/wp-content\/uploads\/2025\/07\/LIHA-2025-quality-platinum.png 711w\" sizes=\"auto, (max-width: 65px) 100vw, 65px\" \/><\/a><a href=\"https:\/\/hundredhives.lt\/en\/international-taste-institute-awords\/\"> \u00a0<\/a><a href=\"https:\/\/hundredhives.lt\/en\/tarptautiniai-dubajaus-skonio-apdovanojimai-2025-international-dubai-taste-awards-winners-2025\/\"><img loading=\"lazy\" decoding=\"async\" class=\"alignnone wp-image-412\" src=\"https:\/\/hundredhives.lt\/wp-content\/uploads\/2025\/07\/Dubai-2025-taste-gold-1-300x300.png\" alt=\"\" width=\"65\" height=\"65\" srcset=\"https:\/\/hundredhives.lt\/wp-content\/uploads\/2025\/07\/Dubai-2025-taste-gold-1-300x300.png 300w, https:\/\/hundredhives.lt\/wp-content\/uploads\/2025\/07\/Dubai-2025-taste-gold-1-1024x1024.png 1024w, https:\/\/hundredhives.lt\/wp-content\/uploads\/2025\/07\/Dubai-2025-taste-gold-1-150x150.png 150w, https:\/\/hundredhives.lt\/wp-content\/uploads\/2025\/07\/Dubai-2025-taste-gold-1-600x600.png 600w\" sizes=\"auto, (max-width: 65px) 100vw, 65px\" \/><\/a><a href=\"https:\/\/hundredhives.lt\/en\/international-taste-institute-awords\/\"> \u00a0<\/a><a href=\"https:\/\/hundredhives.lt\/en\/excellent-taste-awards-2025\/\"><img loading=\"lazy\" decoding=\"async\" class=\"alignnone wp-image-664\" src=\"https:\/\/hundredhives.lt\/wp-content\/uploads\/2025\/05\/Excellent-Taste-Logo-Final-GOLD_WEB-300x300.png\" alt=\"\" width=\"65\" height=\"65\" srcset=\"https:\/\/hundredhives.lt\/wp-content\/uploads\/2025\/05\/Excellent-Taste-Logo-Final-GOLD_WEB-300x300.png 300w, https:\/\/hundredhives.lt\/wp-content\/uploads\/2025\/05\/Excellent-Taste-Logo-Final-GOLD_WEB-150x150.png 150w, https:\/\/hundredhives.lt\/wp-content\/uploads\/2025\/05\/Excellent-Taste-Logo-Final-GOLD_WEB.png 500w\" sizes=\"auto, (max-width: 65px) 100vw, 65px\" \/> <\/a><a href=\"https:\/\/hundredhives.lt\/en\/559-2\/\"><img loading=\"lazy\" decoding=\"async\" class=\"alignnone wp-image-564\" src=\"https:\/\/hundredhives.lt\/wp-content\/uploads\/2025\/08\/GT-25-1-star_1732556327-300x300.png\" alt=\"\" width=\"65\" height=\"65\" srcset=\"https:\/\/hundredhives.lt\/wp-content\/uploads\/2025\/08\/GT-25-1-star_1732556327-300x300.png 300w, https:\/\/hundredhives.lt\/wp-content\/uploads\/2025\/08\/GT-25-1-star_1732556327-150x150.png 150w, https:\/\/hundredhives.lt\/wp-content\/uploads\/2025\/08\/GT-25-1-star_1732556327.png 355w\" sizes=\"auto, (max-width: 65px) 100vw, 65px\" \/> <\/a><a href=\"https:\/\/hundredhives.lt\/world\"><img loading=\"lazy\" decoding=\"async\" class=\"alignnone wp-image-685\" src=\"https:\/\/hundredhives.lt\/wp-content\/uploads\/2025\/05\/2025-SILVER-MEDIUM-for-web-300x298.png\" alt=\"\" width=\"65\" height=\"65\" srcset=\"https:\/\/hundredhives.lt\/wp-content\/uploads\/2025\/05\/2025-SILVER-MEDIUM-for-web-300x300.png 300w, https:\/\/hundredhives.lt\/wp-content\/uploads\/2025\/05\/2025-SILVER-MEDIUM-for-web-150x150.png 150w, https:\/\/hundredhives.lt\/wp-content\/uploads\/2025\/05\/2025-SILVER-MEDIUM-for-web.png 401w\" sizes=\"auto, (max-width: 65px) 100vw, 65px\" \/><\/a><a href=\"https:\/\/hundredhives.lt\/en\/international-taste-institute-awords\/\"> \u00a0<\/a><a href=\"https:\/\/hundredhives.lt\/world\"><img loading=\"lazy\" decoding=\"async\" class=\"alignnone wp-image-684\" src=\"https:\/\/hundredhives.lt\/wp-content\/uploads\/2025\/05\/2025-GOLD-MEDIUM-for-web-300x300.png\" alt=\"\" width=\"65\" height=\"65\" srcset=\"https:\/\/hundredhives.lt\/wp-content\/uploads\/2025\/05\/2025-GOLD-MEDIUM-for-web-300x300.png 300w, https:\/\/hundredhives.lt\/wp-content\/uploads\/2025\/05\/2025-GOLD-MEDIUM-for-web-150x150.png 150w, https:\/\/hundredhives.lt\/wp-content\/uploads\/2025\/05\/2025-GOLD-MEDIUM-for-web.png 400w\" sizes=\"auto, (max-width: 65px) 100vw, 65px\" \/><\/a><a href=\"https:\/\/hundredhives.lt\/en\/international-taste-institute-awords\/\"> \u00a0<\/a><a href=\"https:\/\/hundredhives.lt\/world\"><img loading=\"lazy\" decoding=\"async\" class=\"alignnone wp-image-686\" src=\"https:\/\/hundredhives.lt\/wp-content\/uploads\/2025\/05\/2025-PLATINUM-LARGE-for-web-300x298.png\" alt=\"\" width=\"65\" height=\"65\" srcset=\"https:\/\/hundredhives.lt\/wp-content\/uploads\/2025\/05\/2025-PLATINUM-LARGE-for-web-300x300.png 300w, https:\/\/hundredhives.lt\/wp-content\/uploads\/2025\/05\/2025-PLATINUM-LARGE-for-web-1024x1016.png 1024w, https:\/\/hundredhives.lt\/wp-content\/uploads\/2025\/05\/2025-PLATINUM-LARGE-for-web-150x150.png 150w, https:\/\/hundredhives.lt\/wp-content\/uploads\/2025\/05\/2025-PLATINUM-LARGE-for-web-600x596.png 600w, https:\/\/hundredhives.lt\/wp-content\/uploads\/2025\/05\/2025-PLATINUM-LARGE-for-web.png 1209w\" sizes=\"auto, (max-width: 65px) 100vw, 65px\" \/><\/a><a href=\"https:\/\/hundredhives.lt\/en\/international-taste-institute-awords\/\">\u00a0 \u00a0<\/a><a href=\"https:\/\/hundredhives.lt\/en\/international-olymp-awords-2025\/\"><img loading=\"lazy\" decoding=\"async\" class=\"alignnone wp-image-525\" src=\"https:\/\/hundredhives.lt\/wp-content\/uploads\/2025\/08\/food-taste-olympus-aword-300x300.png\" alt=\"\" width=\"65\" height=\"65\" srcset=\"https:\/\/hundredhives.lt\/wp-content\/uploads\/2025\/08\/food-taste-olympus-aword-300x300.png 300w, https:\/\/hundredhives.lt\/wp-content\/uploads\/2025\/08\/food-taste-olympus-aword-150x150.png 150w, https:\/\/hundredhives.lt\/wp-content\/uploads\/2025\/08\/food-taste-olympus-aword.png 437w\" sizes=\"auto, (max-width: 65px) 100vw, 65px\" \/><\/a><a href=\"https:\/\/hundredhives.lt\/en\/international-taste-institute-awords\/\">\u00a0 \u00a0<\/a><a href=\"https:\/\/hundredhives.lt\/en\/international-taste-institute-awords\/\"><img loading=\"lazy\" decoding=\"async\" class=\"alignnone wp-image-428\" src=\"https:\/\/hundredhives.lt\/wp-content\/uploads\/2025\/07\/1star-158x300.png\" alt=\"\" width=\"34\" height=\"65\" srcset=\"https:\/\/hundredhives.lt\/wp-content\/uploads\/2025\/07\/1star-158x300.png 158w, https:\/\/hundredhives.lt\/wp-content\/uploads\/2025\/07\/1star-539x1024.png 539w, https:\/\/hundredhives.lt\/wp-content\/uploads\/2025\/07\/1star-600x1139.png 600w, https:\/\/hundredhives.lt\/wp-content\/uploads\/2025\/07\/1star.png 803w\" sizes=\"auto, (max-width: 34px) 100vw, 34px\" \/><\/a><a href=\"https:\/\/hundredhives.lt\/en\/international-taste-institute-awords\/\"> \u00a0 <\/a><a href=\"https:\/\/hundredhives.lt\/en\/international-taste-institute-awords\/\"><img loading=\"lazy\" decoding=\"async\" class=\"alignnone wp-image-423\" src=\"https:\/\/hundredhives.lt\/wp-content\/uploads\/2025\/07\/2star-2-158x300.png\" alt=\"\" width=\"34\" height=\"65\" srcset=\"https:\/\/hundredhives.lt\/wp-content\/uploads\/2025\/07\/2star-2-158x300.png 158w, https:\/\/hundredhives.lt\/wp-content\/uploads\/2025\/07\/2star-2-540x1024.png 540w, https:\/\/hundredhives.lt\/wp-content\/uploads\/2025\/07\/2star-2-600x1137.png 600w, https:\/\/hundredhives.lt\/wp-content\/uploads\/2025\/07\/2star-2.png 799w\" sizes=\"auto, (max-width: 34px) 100vw, 34px\" \/> <\/a><a href=\"https:\/\/hundredhives.lt\/en\/paris-honey-awards-2026\/\" target=\"_blank\" rel=\"noopener\"><img loading=\"lazy\" decoding=\"async\" class=\"alignnone wp-image-910\" src=\"https:\/\/hundredhives.lt\/wp-content\/uploads\/2026\/01\/PIHA-2026-quality-platinum-300x300.png\" alt=\"\" width=\"65\" height=\"65\" srcset=\"https:\/\/hundredhives.lt\/wp-content\/uploads\/2026\/01\/PIHA-2026-quality-platinum-300x300.png 300w, https:\/\/hundredhives.lt\/wp-content\/uploads\/2026\/01\/PIHA-2026-quality-platinum-150x150.png 150w, https:\/\/hundredhives.lt\/wp-content\/uploads\/2026\/01\/PIHA-2026-quality-platinum-600x600.png 600w, https:\/\/hundredhives.lt\/wp-content\/uploads\/2026\/01\/PIHA-2026-quality-platinum.png 650w\" sizes=\"auto, (max-width: 65px) 100vw, 65px\" \/><\/a><a href=\"https:\/\/hundredhives.lt\/en\/international-taste-institute-awords\/\"><img loading=\"lazy\" decoding=\"async\" class=\"alignnone wp-image-911\" src=\"https:\/\/hundredhives.lt\/wp-content\/uploads\/2026\/01\/PIHA-2026-quality-gold-300x300.png\" alt=\"\" width=\"65\" height=\"65\" srcset=\"https:\/\/hundredhives.lt\/wp-content\/uploads\/2026\/01\/PIHA-2026-quality-gold-300x300.png 300w, https:\/\/hundredhives.lt\/wp-content\/uploads\/2026\/01\/PIHA-2026-quality-gold-150x150.png 150w, https:\/\/hundredhives.lt\/wp-content\/uploads\/2026\/01\/PIHA-2026-quality-gold-600x600.png 600w, https:\/\/hundredhives.lt\/wp-content\/uploads\/2026\/01\/PIHA-2026-quality-gold.png 650w\" sizes=\"auto, (max-width: 65px) 100vw, 65px\" \/> <\/a><a href=\"https:\/\/hundredhives.lt\/en\/lietuvos-metu-gaminio-apdovanojimas-2025-m\/\" target=\"_blank\" rel=\"noopener\"><img loading=\"lazy\" decoding=\"async\" class=\"alignnone wp-image-832\" src=\"https:\/\/hundredhives.lt\/wp-content\/uploads\/2025\/12\/MG-abi-puses-auksas-2025-e1765827212302-300x178.png\" alt=\"Lietuvos met\u0173 gaminys\" width=\"110\" height=\"65\" srcset=\"https:\/\/hundredhives.lt\/wp-content\/uploads\/2025\/12\/MG-abi-puses-auksas-2025-e1765827212302-300x178.png 300w, https:\/\/hundredhives.lt\/wp-content\/uploads\/2025\/12\/MG-abi-puses-auksas-2025-e1765827212302-600x356.png 600w, https:\/\/hundredhives.lt\/wp-content\/uploads\/2025\/12\/MG-abi-puses-auksas-2025-e1765827212302.png 985w\" sizes=\"auto, (max-width: 110px) 100vw, 110px\" \/><\/a><a href=\"https:\/\/hundredhives.lt\/en\/international-taste-institute-awords\/\">\u00a0<\/a><\/p>\n<\/div><\/div><\/div><\/div><\/div><\/div><\/section>\n","protected":false},"excerpt":{"rendered":"HUNDRED HIVES \u0160imtai avili\u0173 &#8211; \u0161imtams \u0161ird\u017ei\u0173 parduotuv\u0117 \u00a0\u00a0\u00a0\u00a0\u00a0 \u00a0 \u00a0 \u00a0 \u00a0\u00a0 \u00a0\u00a0 \u00a0 \u00a0 \u00a0","protected":false},"author":1,"featured_media":0,"parent":0,"menu_order":0,"comment_status":"closed","ping_status":"open","template":"","meta":{"footnotes":""},"class_list":["post-1175","page","type-page","status-publish","hentry"],"yoast_head":"<!-- This site is optimized with the Yoast SEO plugin v27.2 - https:\/\/yoast.com\/product\/yoast-seo-wordpress\/ -->\n<title>Home - Hundred Hives<\/title>\n<meta name=\"robots\" content=\"noindex, follow, max-snippet:-1, max-image-preview:large, max-video-preview:-1\" \/>\n<meta property=\"og:locale\" content=\"en_US\" \/>\n<meta property=\"og:type\" content=\"article\" \/>\n<meta property=\"og:title\" content=\"Home - Hundred Hives\" \/>\n<meta property=\"og:url\" content=\"https:\/\/hundredhives.lt\/en\/\" \/>\n<meta property=\"og:site_name\" content=\"Hundred Hives\" \/>\n<meta property=\"og:image\" content=\"https:\/\/hundredhives.lt\/wp-content\/uploads\/2025\/07\/02-London-Honey-QUALITY-GOLD-2024-e1759589057130.png\" \/>\n\t<meta property=\"og:image:width\" content=\"1353\" \/>\n\t<meta property=\"og:image:height\" content=\"1368\" \/>\n\t<meta property=\"og:image:type\" content=\"image\/png\" \/>\n<meta name=\"twitter:card\" content=\"summary_large_image\" \/>\n<meta name=\"twitter:label1\" content=\"Est. reading time\" \/>\n\t<meta name=\"twitter:data1\" content=\"1 minute\" \/>\n<script type=\"application\/ld+json\" class=\"yoast-schema-graph\">{\"@context\":\"https:\/\/schema.org\",\"@graph\":[{\"@type\":\"WebPage\",\"@id\":\"https:\/\/hundredhives.lt\/en\/\",\"url\":\"https:\/\/hundredhives.lt\/en\/\",\"name\":\"Home - Hundred Hives\",\"isPartOf\":{\"@id\":\"https:\/\/hundredhives.lt\/en\/#website\"},\"primaryImageOfPage\":{\"@id\":\"https:\/\/hundredhives.lt\/en\/#primaryimage\"},\"image\":{\"@id\":\"https:\/\/hundredhives.lt\/en\/#primaryimage\"},\"thumbnailUrl\":\"https:\/\/hundredhives.lt\/wp-content\/uploads\/2025\/07\/02-London-Honey-QUALITY-GOLD-2024-e1759589057130-297x300.png\",\"datePublished\":\"2023-03-30T13:42:17+00:00\",\"breadcrumb\":{\"@id\":\"https:\/\/hundredhives.lt\/en\/#breadcrumb\"},\"inLanguage\":\"en-US\",\"potentialAction\":[{\"@type\":\"ReadAction\",\"target\":[\"https:\/\/hundredhives.lt\/en\/\"]}]},{\"@type\":\"ImageObject\",\"inLanguage\":\"en-US\",\"@id\":\"https:\/\/hundredhives.lt\/en\/#primaryimage\",\"url\":\"https:\/\/hundredhives.lt\/wp-content\/uploads\/2025\/07\/02-London-Honey-QUALITY-GOLD-2024-e1759589057130-297x300.png\",\"contentUrl\":\"https:\/\/hundredhives.lt\/wp-content\/uploads\/2025\/07\/02-London-Honey-QUALITY-GOLD-2024-e1759589057130-297x300.png\"},{\"@type\":\"BreadcrumbList\",\"@id\":\"https:\/\/hundredhives.lt\/en\/#breadcrumb\",\"itemListElement\":[{\"@type\":\"ListItem\",\"position\":1,\"name\":\"Home\",\"item\":\"https:\/\/hundredhives.lt\/en\/sample-page\/\"},{\"@type\":\"ListItem\",\"position\":2,\"name\":\"Home\"}]},{\"@type\":\"WebSite\",\"@id\":\"https:\/\/hundredhives.lt\/en\/#website\",\"url\":\"https:\/\/hundredhives.lt\/en\/\",\"name\":\"Hundred Hives\",\"description\":\"\",\"potentialAction\":[{\"@type\":\"SearchAction\",\"target\":{\"@type\":\"EntryPoint\",\"urlTemplate\":\"https:\/\/hundredhives.lt\/en\/?s={search_term_string}\"},\"query-input\":{\"@type\":\"PropertyValueSpecification\",\"valueRequired\":true,\"valueName\":\"search_term_string\"}}],\"inLanguage\":\"en-US\"}]}<\/script>\n<!-- \/ Yoast SEO plugin. -->","yoast_head_json":{"title":"Home - Hundred Hives","robots":{"index":"noindex","follow":"follow","max-snippet":"max-snippet:-1","max-image-preview":"max-image-preview:large","max-video-preview":"max-video-preview:-1"},"og_locale":"en_US","og_type":"article","og_title":"Home - Hundred Hives","og_url":"https:\/\/hundredhives.lt\/en\/","og_site_name":"Hundred Hives","og_image":[{"width":1353,"height":1368,"url":"https:\/\/hundredhives.lt\/wp-content\/uploads\/2025\/07\/02-London-Honey-QUALITY-GOLD-2024-e1759589057130.png","type":"image\/png"}],"twitter_card":"summary_large_image","twitter_misc":{"Est. reading time":"1 minute"},"schema":{"@context":"https:\/\/schema.org","@graph":[{"@type":"WebPage","@id":"https:\/\/hundredhives.lt\/en\/","url":"https:\/\/hundredhives.lt\/en\/","name":"Home - Hundred Hives","isPartOf":{"@id":"https:\/\/hundredhives.lt\/en\/#website"},"primaryImageOfPage":{"@id":"https:\/\/hundredhives.lt\/en\/#primaryimage"},"image":{"@id":"https:\/\/hundredhives.lt\/en\/#primaryimage"},"thumbnailUrl":"https:\/\/hundredhives.lt\/wp-content\/uploads\/2025\/07\/02-London-Honey-QUALITY-GOLD-2024-e1759589057130-297x300.png","datePublished":"2023-03-30T13:42:17+00:00","breadcrumb":{"@id":"https:\/\/hundredhives.lt\/en\/#breadcrumb"},"inLanguage":"en-US","potentialAction":[{"@type":"ReadAction","target":["https:\/\/hundredhives.lt\/en\/"]}]},{"@type":"ImageObject","inLanguage":"en-US","@id":"https:\/\/hundredhives.lt\/en\/#primaryimage","url":"https:\/\/hundredhives.lt\/wp-content\/uploads\/2025\/07\/02-London-Honey-QUALITY-GOLD-2024-e1759589057130-297x300.png","contentUrl":"https:\/\/hundredhives.lt\/wp-content\/uploads\/2025\/07\/02-London-Honey-QUALITY-GOLD-2024-e1759589057130-297x300.png"},{"@type":"BreadcrumbList","@id":"https:\/\/hundredhives.lt\/en\/#breadcrumb","itemListElement":[{"@type":"ListItem","position":1,"name":"Home","item":"https:\/\/hundredhives.lt\/en\/sample-page\/"},{"@type":"ListItem","position":2,"name":"Home"}]},{"@type":"WebSite","@id":"https:\/\/hundredhives.lt\/en\/#website","url":"https:\/\/hundredhives.lt\/en\/","name":"Hundred Hives","description":"","potentialAction":[{"@type":"SearchAction","target":{"@type":"EntryPoint","urlTemplate":"https:\/\/hundredhives.lt\/en\/?s={search_term_string}"},"query-input":{"@type":"PropertyValueSpecification","valueRequired":true,"valueName":"search_term_string"}}],"inLanguage":"en-US"}]}},"_links":{"self":[{"href":"https:\/\/hundredhives.lt\/en\/wp-json\/wp\/v2\/pages\/1175","targetHints":{"allow":["GET"]}}],"collection":[{"href":"https:\/\/hundredhives.lt\/en\/wp-json\/wp\/v2\/pages"}],"about":[{"href":"https:\/\/hundredhives.lt\/en\/wp-json\/wp\/v2\/types\/page"}],"author":[{"embeddable":true,"href":"https:\/\/hundredhives.lt\/en\/wp-json\/wp\/v2\/users\/1"}],"replies":[{"embeddable":true,"href":"https:\/\/hundredhives.lt\/en\/wp-json\/wp\/v2\/comments?post=1175"}],"version-history":[{"count":0,"href":"https:\/\/hundredhives.lt\/en\/wp-json\/wp\/v2\/pages\/1175\/revisions"}],"wp:attachment":[{"href":"https:\/\/hundredhives.lt\/en\/wp-json\/wp\/v2\/media?parent=1175"}],"curies":[{"name":"wp","href":"https:\/\/api.w.org\/{rel}","templated":true}]}}